{"id":36024,"date":"2023-05-15T16:08:56","date_gmt":"2023-05-15T13:08:56","guid":{"rendered":"https:\/\/khmnu.edu.ua\/?page_id=36024"},"modified":"2023-05-15T16:08:57","modified_gmt":"2023-05-15T13:08:57","slug":"tomasz-topolinski","status":"publish","type":"page","link":"https:\/\/khmnu.edu.ua\/en\/tomasz-topolinski\/","title":{"rendered":"Tomasz Topoli\u0144ski"},"content":{"rendered":"<p>Tomasz Stefan Topoli\u0144ski (ur. 6 grudnia 1955 w Bydgoszczy[1]) \u2013 polski in\u017cynier, nauczyciel akademicki i profesor nauk technicznych, rektor Uniwersytetu Technologiczno-Przyrodniczy im. Jana i J\u0119drzeja \u015aniadeckich w Bydgoszczy w kadencji 2016\u20132020.<\/p>\n\n\n\n<p><strong>\u017byciorys<\/strong><\/p>\n\n\n\n<p>W 1974 uko\u0144czy\u0142 III Liceum Og\u00f3lnokszta\u0142c\u0105ce im. Adama Mickiewicza w Bydgoszczy, a w 1979 studia na Akademii Techniczno-Rolniczej w Bydgoszczy. Stopie\u0144 doktora nauk technicznych w zakresie budowy i eksploatacji maszyn uzyska\u0142 w 1986 na Wydziale Oceanotechniki i Okr\u0119townictwa Politechniki Gda\u0144skiej. Na tym samym wydziale habilitowa\u0142 si\u0119 w 1998 w oparciu o rozpraw\u0119 zatytu\u0142owan\u0105 Analiza teoretyczna i badania kumulacji uszkodze\u0144 zm\u0119czeniowych konstrukcyjnych kompozyt\u00f3w polimerowych. 7 pa\u017adziernika 2010 otrzyma\u0142 tytu\u0142 profesora nauk technicznych.<\/p>\n\n\n\n<p>Od 1979 zawodowo zwi\u0105zany z bydgosk\u0105 uczelni\u0105 techniczn\u0105 (akademi\u0105 i nast\u0119pnie uniwersytetem), od 2010 na stanowisku profesorskim. Zosta\u0142 r\u00f3wnie\u017c profesorem zwyczajnym na Wydziale Lekarskim Uniwersytetu Miko\u0142aja Kopernika w Toruniu, wyk\u0142ada\u0142 ponadto w Wy\u017cszej Szkole Gospodarki w Bydgoszczy.<\/p>\n\n\n\n<p>Kierowa\u0142 Katedr\u0105 Podstaw In\u017cynierii Mechanicznej i Mechatroniki oraz Fundacj\u0105 \u201eRozw\u00f3j ATR\u201d. Od 1999 do 2002 by\u0142 prodziekanem ds. nauki Wydzia\u0142u Mechanicznego ATR, nast\u0119pnie do 2008 w ATR i UTP zajmowa\u0142 stanowisko prorektora ds. organizacji i rozwoju. 1 kwietnia 2016 wybrany na rektora bydgoskiego UTP na czteroletni\u0105 kadencj\u0119 (od 1 wrze\u015bnia 2016). W czerwcu 2020 bez powodzenia ubiega\u0142 si\u0119 o reelekcj\u0119 na drug\u0105 kadencj\u0119.<\/p>\n\n\n\n<p>W pracy naukowej specjalizuje si\u0119 w zagadnieniach z zakresu biomechaniki, podstaw konstrukcji maszyn, zm\u0119czenia materia\u0142\u00f3w i konstrukcji. Cz\u0142onek Stowarzyszenia In\u017cynier\u00f3w i Technik\u00f3w Mechanik\u00f3w Polskich, Naczelnej Organizacji Technicznej, Bydgoskiego Towarzystwa Naukowego oraz Polskiego Towarzystwa Mechaniki Teoretycznej i Stosowanej.<\/p>\n\n\n\n<p><strong>Wyr\u00f3\u017cnienia<\/strong><\/p>\n\n\n\n<p>W 2019 otrzyma\u0142 tytu\u0142 doktora honoris causa Chmielnickiego Uniwersytetu Narodowego. W 2002 odznaczony Srebrnym Krzy\u017cem Zas\u0142ugi.<\/p>","protected":false},"excerpt":{"rendered":"<p>Tomasz Stefan Topoli\u0144ski (ur. 6 grudnia 1955 w Bydgoszczy[1]) \u2013 polski in\u017cynier, nauczyciel akademicki i profesor nauk technicznych, rektor Uniwersytetu Technologiczno-Przyrodniczy im. Jana i J\u0119drzeja \u015aniadeckich w Bydgoszczy w kadencji 2016\u20132020. \u017byciorys W 1974 uko\u0144czy\u0142 III Liceum Og\u00f3lnokszta\u0142c\u0105ce im. Adama Mickiewicza w Bydgoszczy, a w 1979 studia na Akademii Techniczno-Rolniczej w Bydgoszczy. Stopie\u0144 doktora nauk&hellip;&nbsp;<a href=\"https:\/\/khmnu.edu.ua\/en\/tomasz-topolinski\/\" class=\"\" rel=\"bookmark\">Read More &raquo;<span class=\"screen-reader-text\">Tomasz Topoli\u0144ski<\/span><\/a><\/p>","protected":false},"author":8,"featured_media":0,"parent":0,"menu_order":0,"comment_status":"closed","ping_status":"closed","template":"","meta":{"_uag_custom_page_level_css":"","_monsterinsights_skip_tracking":false,"_monsterinsights_sitenote_active":false,"_monsterinsights_sitenote_note":"","_monsterinsights_sitenote_category":0,"_coblocks_attr":"","_coblocks_dimensions":"","_coblocks_responsive_height":"","_coblocks_accordion_ie_support":"","neve_meta_sidebar":"","neve_meta_container":"","neve_meta_enable_content_width":"","neve_meta_content_width":0,"neve_meta_title_alignment":"","neve_meta_author_avatar":"","neve_post_elements_order":"","neve_meta_disable_header":"","neve_meta_disable_footer":"","neve_meta_disable_title":"","footnotes":""},"aioseo_notices":[],"uagb_featured_image_src":{"full":false,"thumbnail":false,"medium":false,"medium_large":false,"large":false,"thumblist":false,"meccarouselthumb":false,"gridsquare":false,"tileview":false,"1536x1536":false,"2048x2048":false,"trp-custom-language-flag":false,"neve-blog":false},"uagb_author_info":{"display_name":"kupchykkhmnueduua","author_link":"https:\/\/khmnu.edu.ua\/en\/author\/kupchykkhmnueduua\/"},"uagb_comment_info":0,"uagb_excerpt":"Tomasz Stefan Topoli\u0144ski (ur. 6 grudnia 1955 w Bydgoszczy[1]) \u2013 polski in\u017cynier, nauczyciel akademicki i profesor nauk technicznych, rektor Uniwersytetu Technologiczno-Przyrodniczy im. Jana i J\u0119drzeja \u015aniadeckich w Bydgoszczy w kadencji 2016\u20132020. \u017byciorys W 1974 uko\u0144czy\u0142 III Liceum Og\u00f3lnokszta\u0142c\u0105ce im. Adama Mickiewicza w Bydgoszczy, a w 1979 studia na Akademii Techniczno-Rolniczej w Bydgoszczy. Stopie\u0144 doktora nauk&hellip;&nbsp;Read&hellip;","_links":{"self":[{"href":"https:\/\/khmnu.edu.ua\/en\/wp-json\/wp\/v2\/pages\/36024"}],"collection":[{"href":"https:\/\/khmnu.edu.ua\/en\/wp-json\/wp\/v2\/pages"}],"about":[{"href":"https:\/\/khmnu.edu.ua\/en\/wp-json\/wp\/v2\/types\/page"}],"author":[{"embeddable":true,"href":"https:\/\/khmnu.edu.ua\/en\/wp-json\/wp\/v2\/users\/8"}],"replies":[{"embeddable":true,"href":"https:\/\/khmnu.edu.ua\/en\/wp-json\/wp\/v2\/comments?post=36024"}],"version-history":[{"count":1,"href":"https:\/\/khmnu.edu.ua\/en\/wp-json\/wp\/v2\/pages\/36024\/revisions"}],"predecessor-version":[{"id":36025,"href":"https:\/\/khmnu.edu.ua\/en\/wp-json\/wp\/v2\/pages\/36024\/revisions\/36025"}],"wp:attachment":[{"href":"https:\/\/khmnu.edu.ua\/en\/wp-json\/wp\/v2\/media?parent=36024"}],"curies":[{"name":"wp","href":"https:\/\/api.w.org\/{rel}","templated":true}]}}