{"id":36022,"date":"2023-05-15T16:08:34","date_gmt":"2023-05-15T13:08:34","guid":{"rendered":"https:\/\/khmnu.edu.ua\/?page_id=36022"},"modified":"2023-05-15T16:08:35","modified_gmt":"2023-05-15T13:08:35","slug":"dr-inz-franciszek-bromberek","status":"publish","type":"page","link":"https:\/\/khmnu.edu.ua\/en\/dr-inz-franciszek-bromberek\/","title":{"rendered":"Dr in\u017c. Franciszek Bromberek"},"content":{"rendered":"<p>27 wrze\u015bnia podczas uroczystego posiedzenia Senatu dr in\u017c. Franciszek Bromberek otrzyma\u0142 tytu\u0142 Doktora Honorowego Narodowego Uniwersytetu w Chmielnickim.<\/p>\n\n\n\n<p>Dr in\u017c. Franciszek Bromberek urodzi\u0142 si\u0119 w 1955 r. w \u017bninie. Studia uko\u0144czy\u0142 w 1980 w Instytucie Technologii i Eksploatacji Maszyn Akademii Techniczno-Rolniczej w Bydgoszczy. W 1994 otrzyma\u0142 stopie\u0144 dr. nauk technicznych na Politechnice Pozna\u0144skiej. Od lat roku 1980 zawodowo zwi\u0105zany z obecnym Wydzia\u0142em In\u017cynierii Mechanicznej. Na UTP pe\u0142ni\u0142 wiele wa\u017cnych funkcji m.in. kierownika Zak\u0142adu Wzornictwa. By\u0142 tw\u00f3rc\u0105 powstania Muzeum Techniki i Wzornictwa na UTP. Obecnie jest kierownikiem Biura Rektora i rzecznikiem prasowym . W 2013 roku zainicjowa\u0142 wsp\u00f3\u0142prac\u0119 z Katedr\u0105 Designu Narodowego Uniwersytetu w Chmielnickim. Jej efektem jest cho\u0107by Festiwal Synteza Sztuk, realizowany tak\u017ce na Ukrainie. Dr in\u017c. Franciszek Bromberek organizowa\u0142 r\u00f3wnie\u017c wsparcia dla Szko\u0142y w Szepiet\u00f3wce oraz Centrum Ukrai\u0144sko-Polskiego w Chmielnickim. Wspiera Centrum Ukrai\u0144sko-Polskie oraz szko\u0142y w Chmielnickim w zakresie wyposa\u017cenia bibliotek w ksi\u0105\u017cki w j\u0119zyku polskim i podr\u0119czniki do nauki polskiego. Za swoje zaanga\u017cowanie zosta\u0142 wyr\u00f3\u017cniony m.in. dyplomami Mera Miasta Chmielnicki, Przewodnicz\u0105cego Rady Obwody Chmielnickiego. Odznaczony Srebrnym Krzy\u017cem Zas\u0142ugi. Gratulujemy!<\/p>","protected":false},"excerpt":{"rendered":"<p>27 wrze\u015bnia podczas uroczystego posiedzenia Senatu dr in\u017c. Franciszek Bromberek otrzyma\u0142 tytu\u0142 Doktora Honorowego Narodowego Uniwersytetu w Chmielnickim. Dr in\u017c. Franciszek Bromberek urodzi\u0142 si\u0119 w 1955 r. w \u017bninie. Studia uko\u0144czy\u0142 w 1980 w Instytucie Technologii i Eksploatacji Maszyn Akademii Techniczno-Rolniczej w Bydgoszczy. W 1994 otrzyma\u0142 stopie\u0144 dr. nauk technicznych na Politechnice Pozna\u0144skiej. Od lat&hellip;&nbsp;<a href=\"https:\/\/khmnu.edu.ua\/en\/dr-inz-franciszek-bromberek\/\" class=\"\" rel=\"bookmark\">Read More &raquo;<span class=\"screen-reader-text\">Dr in\u017c. Franciszek Bromberek<\/span><\/a><\/p>","protected":false},"author":8,"featured_media":0,"parent":0,"menu_order":0,"comment_status":"closed","ping_status":"closed","template":"","meta":{"_uag_custom_page_level_css":"","_monsterinsights_skip_tracking":false,"_monsterinsights_sitenote_active":false,"_monsterinsights_sitenote_note":"","_monsterinsights_sitenote_category":0,"_coblocks_attr":"","_coblocks_dimensions":"","_coblocks_responsive_height":"","_coblocks_accordion_ie_support":"","neve_meta_sidebar":"","neve_meta_container":"","neve_meta_enable_content_width":"","neve_meta_content_width":0,"neve_meta_title_alignment":"","neve_meta_author_avatar":"","neve_post_elements_order":"","neve_meta_disable_header":"","neve_meta_disable_footer":"","neve_meta_disable_title":"","footnotes":""},"aioseo_notices":[],"uagb_featured_image_src":{"full":false,"thumbnail":false,"medium":false,"medium_large":false,"large":false,"thumblist":false,"meccarouselthumb":false,"gridsquare":false,"tileview":false,"1536x1536":false,"2048x2048":false,"trp-custom-language-flag":false,"neve-blog":false},"uagb_author_info":{"display_name":"kupchykkhmnueduua","author_link":"https:\/\/khmnu.edu.ua\/en\/author\/kupchykkhmnueduua\/"},"uagb_comment_info":0,"uagb_excerpt":"27 wrze\u015bnia podczas uroczystego posiedzenia Senatu dr in\u017c. Franciszek Bromberek otrzyma\u0142 tytu\u0142 Doktora Honorowego Narodowego Uniwersytetu w Chmielnickim. Dr in\u017c. Franciszek Bromberek urodzi\u0142 si\u0119 w 1955 r. w \u017bninie. Studia uko\u0144czy\u0142 w 1980 w Instytucie Technologii i Eksploatacji Maszyn Akademii Techniczno-Rolniczej w Bydgoszczy. W 1994 otrzyma\u0142 stopie\u0144 dr. nauk technicznych na Politechnice Pozna\u0144skiej. Od lat&hellip;&nbsp;Read&hellip;","_links":{"self":[{"href":"https:\/\/khmnu.edu.ua\/en\/wp-json\/wp\/v2\/pages\/36022"}],"collection":[{"href":"https:\/\/khmnu.edu.ua\/en\/wp-json\/wp\/v2\/pages"}],"about":[{"href":"https:\/\/khmnu.edu.ua\/en\/wp-json\/wp\/v2\/types\/page"}],"author":[{"embeddable":true,"href":"https:\/\/khmnu.edu.ua\/en\/wp-json\/wp\/v2\/users\/8"}],"replies":[{"embeddable":true,"href":"https:\/\/khmnu.edu.ua\/en\/wp-json\/wp\/v2\/comments?post=36022"}],"version-history":[{"count":1,"href":"https:\/\/khmnu.edu.ua\/en\/wp-json\/wp\/v2\/pages\/36022\/revisions"}],"predecessor-version":[{"id":36023,"href":"https:\/\/khmnu.edu.ua\/en\/wp-json\/wp\/v2\/pages\/36022\/revisions\/36023"}],"wp:attachment":[{"href":"https:\/\/khmnu.edu.ua\/en\/wp-json\/wp\/v2\/media?parent=36022"}],"curies":[{"name":"wp","href":"https:\/\/api.w.org\/{rel}","templated":true}]}}