{"id":36012,"date":"2023-05-15T16:06:32","date_gmt":"2023-05-15T13:06:32","guid":{"rendered":"https:\/\/khmnu.edu.ua\/?page_id=36012"},"modified":"2023-05-15T16:06:33","modified_gmt":"2023-05-15T13:06:33","slug":"prof-dr-hab-inz-jozef-gawlik","status":"publish","type":"page","link":"https:\/\/khmnu.edu.ua\/en\/prof-dr-hab-inz-jozef-gawlik\/","title":{"rendered":"Prof. dr hab. in\u017c. J\u00f3zef Gawlik"},"content":{"rendered":"<p>J\u00f3zef Gawlik (ur. 23 wrze\u015bnia 1948 w M\u0119cinie) \u2013 polski naukowiec i in\u017cynier, profesor nauk technicznych, rektor Politechniki Krakowskiej im. Tadeusza Ko\u015bciuszki (2005\u20132008).<\/p>\n\n\n\n<p><strong>\u017byciorys<\/strong><\/p>\n\n\n\n<p>Absolwent I Liceum Og\u00f3lnokszta\u0142c\u0105cego im. Jana D\u0142ugosza w Nowym S\u0105czu. Z wykszta\u0142cenia in\u017cynier mechanik, w 1972 uko\u0144czy\u0142 studia na Politechnice Krakowskiej. Na tej samej uczelni doktoryzowa\u0142 si\u0119 w 1977[1]. Habilitowa\u0142 si\u0119 w r\u00f3wnie\u017c na PK w 1989 na podstawie rozprawy zatytu\u0142owanej Prognozowanie stanu zu\u017cycia ostrzy narz\u0119dzi w procesie skrawania. W 1998 otrzyma\u0142 tytu\u0142 profesora nauk technicznych. W pracy naukowej zaj\u0105\u0142 si\u0119 zagadnieniami z zakresu automatyzacji proces\u00f3w wytwarzania, system\u00f3w jako\u015bci, diagnostyki proces\u00f3w.<\/p>\n\n\n\n<p>Zawodowo zwi\u0105zany z macierzyst\u0105 uczelni\u0105, na kt\u00f3rej w 2003 doszed\u0142 do stanowiska profesora zwyczajnego. W latach 2005\u20132008 by\u0142 rektorem Politechniki Krakowskiej. Zosta\u0142 r\u00f3wnie\u017c dyrektorem Instytutu Technologii Maszyn i Automatyzacji Produkcji na Wydziale Mechanicznym PK, a tak\u017ce przewodnicz\u0105cym Komitetu Budowy Maszyn Polskiej Akademii Nauk.<\/p>\n\n\n\n<p><strong>Odznaczenia i wyr\u00f3\u017cnienia<\/strong><\/p>\n\n\n\n<p>Krzy\u017c Kawalerski Orderu Odrodzenia Polski (2005)<\/p>\n\n\n\n<p>Z\u0142oty Krzy\u017c Zas\u0142ugi (1999)<\/p>\n\n\n\n<p>Medal Komisji Edukacji Narodowej (2000)<\/p>\n\n\n\n<p>Tytu\u0142 doktora honoris causa Chmielnickiego Uniwersytetu Narodowego (2007) oraz Politechniki Koszali\u0144skiej (2016)<\/p>","protected":false},"excerpt":{"rendered":"<p>J\u00f3zef Gawlik (ur. 23 wrze\u015bnia 1948 w M\u0119cinie) \u2013 polski naukowiec i in\u017cynier, profesor nauk technicznych, rektor Politechniki Krakowskiej im. Tadeusza Ko\u015bciuszki (2005\u20132008). \u017byciorys Absolwent I Liceum Og\u00f3lnokszta\u0142c\u0105cego im. Jana D\u0142ugosza w Nowym S\u0105czu. Z wykszta\u0142cenia in\u017cynier mechanik, w 1972 uko\u0144czy\u0142 studia na Politechnice Krakowskiej. Na tej samej uczelni doktoryzowa\u0142 si\u0119 w 1977[1]. Habilitowa\u0142 si\u0119&hellip;&nbsp;<a href=\"https:\/\/khmnu.edu.ua\/en\/prof-dr-hab-inz-jozef-gawlik\/\" class=\"\" rel=\"bookmark\">Read More &raquo;<span class=\"screen-reader-text\">Prof. dr hab. in\u017c. J\u00f3zef Gawlik<\/span><\/a><\/p>","protected":false},"author":8,"featured_media":0,"parent":0,"menu_order":0,"comment_status":"closed","ping_status":"closed","template":"","meta":{"_uag_custom_page_level_css":"","_monsterinsights_skip_tracking":false,"_monsterinsights_sitenote_active":false,"_monsterinsights_sitenote_note":"","_monsterinsights_sitenote_category":0,"_coblocks_attr":"","_coblocks_dimensions":"","_coblocks_responsive_height":"","_coblocks_accordion_ie_support":"","neve_meta_sidebar":"","neve_meta_container":"","neve_meta_enable_content_width":"","neve_meta_content_width":0,"neve_meta_title_alignment":"","neve_meta_author_avatar":"","neve_post_elements_order":"","neve_meta_disable_header":"","neve_meta_disable_footer":"","neve_meta_disable_title":"","footnotes":""},"aioseo_notices":[],"uagb_featured_image_src":{"full":false,"thumbnail":false,"medium":false,"medium_large":false,"large":false,"thumblist":false,"meccarouselthumb":false,"gridsquare":false,"tileview":false,"1536x1536":false,"2048x2048":false,"trp-custom-language-flag":false,"neve-blog":false},"uagb_author_info":{"display_name":"kupchykkhmnueduua","author_link":"https:\/\/khmnu.edu.ua\/en\/author\/kupchykkhmnueduua\/"},"uagb_comment_info":0,"uagb_excerpt":"J\u00f3zef Gawlik (ur. 23 wrze\u015bnia 1948 w M\u0119cinie) \u2013 polski naukowiec i in\u017cynier, profesor nauk technicznych, rektor Politechniki Krakowskiej im. Tadeusza Ko\u015bciuszki (2005\u20132008). \u017byciorys Absolwent I Liceum Og\u00f3lnokszta\u0142c\u0105cego im. Jana D\u0142ugosza w Nowym S\u0105czu. Z wykszta\u0142cenia in\u017cynier mechanik, w 1972 uko\u0144czy\u0142 studia na Politechnice Krakowskiej. Na tej samej uczelni doktoryzowa\u0142 si\u0119 w 1977[1]. Habilitowa\u0142 si\u0119&hellip;&nbsp;Read&hellip;","_links":{"self":[{"href":"https:\/\/khmnu.edu.ua\/en\/wp-json\/wp\/v2\/pages\/36012"}],"collection":[{"href":"https:\/\/khmnu.edu.ua\/en\/wp-json\/wp\/v2\/pages"}],"about":[{"href":"https:\/\/khmnu.edu.ua\/en\/wp-json\/wp\/v2\/types\/page"}],"author":[{"embeddable":true,"href":"https:\/\/khmnu.edu.ua\/en\/wp-json\/wp\/v2\/users\/8"}],"replies":[{"embeddable":true,"href":"https:\/\/khmnu.edu.ua\/en\/wp-json\/wp\/v2\/comments?post=36012"}],"version-history":[{"count":1,"href":"https:\/\/khmnu.edu.ua\/en\/wp-json\/wp\/v2\/pages\/36012\/revisions"}],"predecessor-version":[{"id":36013,"href":"https:\/\/khmnu.edu.ua\/en\/wp-json\/wp\/v2\/pages\/36012\/revisions\/36013"}],"wp:attachment":[{"href":"https:\/\/khmnu.edu.ua\/en\/wp-json\/wp\/v2\/media?parent=36012"}],"curies":[{"name":"wp","href":"https:\/\/api.w.org\/{rel}","templated":true}]}}