{"id":36010,"date":"2023-05-15T16:06:14","date_gmt":"2023-05-15T13:06:14","guid":{"rendered":"https:\/\/khmnu.edu.ua\/?page_id=36010"},"modified":"2023-05-15T16:06:15","modified_gmt":"2023-05-15T13:06:15","slug":"dr-inz-adam-tabor","status":"publish","type":"page","link":"https:\/\/khmnu.edu.ua\/en\/dr-inz-adam-tabor\/","title":{"rendered":"Dr in\u017c. Adam Tabor"},"content":{"rendered":"<p>Dr in\u017c. Adam Tabor urodzi\u0142 si\u0119 01.12.1941 r. w Nawsiu Ko\u0142aczyckim k. Krosna. W 1959 r. uko\u0144czy\u0142 Liceum Og\u00f3lnokszta\u0142c\u0105ce w Ko\u0142aczycach, a w 1966 r. studia na Wydziale Odlewnictwa Akademii G\u00f3rniczo-Hutniczej. W 1988 r. uzyska\u0142 stopie\u0144 doktora nauk technicznych. Pracowa\u0142 przez 10 lat w Instytucie Odlewnictwa w Krakowie, 2 lata w HIL (obecnie HTS), a od 01.10.1977 r. pracuje w Instytucie Materia\u0142oznawstwa i Technologii Metali (obecnie Instytut In\u017cynierii Materia\u0142owej) Wydzia\u0142u Mechanicznego Politechniki Krakowskiej im. Tadeusza Ko\u015bciuszki. Jest specjalist\u0105 w zakresie metalurgii i odlewnictwa. Opublikowa\u0142 w kraju i za granic\u0105 samodzielnie lub jako wsp\u00f3\u0142autor 145 prac naukowych, uczestniczy\u0142 lub kierowa\u0142 ponad 150 pracami naukowo-badawczymi, wdro\u017ceniowymi i ekspertyzami dla przemys\u0142u. W swoim dorobku posiada 7 skrypt\u00f3w uczelnianych i 7 podr\u0119cznik\u00f3w akademickich ( w tym dwa 6-cio tomowe) z zakresu odlewnictwa, metalurgii, system\u00f3w jako\u015bci i zarz\u0105dzania bhp. Obecnie jest kierownikiem Pracowni Odlewnictwa w Instytucie In\u017cynierii Materia\u0142owej oraz Dyrektorem Mi\u0119dzywydzia\u0142owego Centrum Szkolenia i Organizacji System\u00f3w Jako\u015bci. Ponad 13 lat jest prezesem ZNP PK. Jest rzeczoznawc\u0105 STOP, SIMP, specjalist\u0105 ZUT-NOT, konsultantem Towarzystwa Konsultant\u00f3w Polskich, cz\u0142onkiem Komitetu Technicznego PCBC S.A., wyk\u0142adowc\u0105 AMOS-BAM, cz\u0142onkiem Komisji Odlewnictwa PAN oddzia\u0142 Katowice oraz cz\u0142onkiem Rady Programowej czasopisma \u201eOdlewnictwo &#8211; Nauka i Praktyka&#8221;. Zosta\u0142 uhonorowany licznymi nagrodami i wyr\u00f3\u017cnieniami, m. in. nagrodami JM Rektora PK oraz MEN. Posiada Honorow\u0105 i Z\u0142ot\u0105 Odznak\u0119 PK, Z\u0142ot\u0105 Odznak\u0119 Federacji ZNP, Srebrny Medal Wychowank\u00f3w AGH, Br\u0105zowy Medal za Zas\u0142ugi dla Obronno\u015bci Kraju, Srebrny i Z\u0142oty Krzy\u017c Zas\u0142ugi oraz Medal Komisji Edukacji Narodowej.<\/p>","protected":false},"excerpt":{"rendered":"<p>Dr in\u017c. Adam Tabor urodzi\u0142 si\u0119 01.12.1941 r. w Nawsiu Ko\u0142aczyckim k. Krosna. W 1959 r. uko\u0144czy\u0142 Liceum Og\u00f3lnokszta\u0142c\u0105ce w Ko\u0142aczycach, a w 1966 r. studia na Wydziale Odlewnictwa Akademii G\u00f3rniczo-Hutniczej. W 1988 r. uzyska\u0142 stopie\u0144 doktora nauk technicznych. Pracowa\u0142 przez 10 lat w Instytucie Odlewnictwa w Krakowie, 2 lata w HIL (obecnie HTS), a&hellip;&nbsp;<a href=\"https:\/\/khmnu.edu.ua\/en\/dr-inz-adam-tabor\/\" class=\"\" rel=\"bookmark\">Read More &raquo;<span class=\"screen-reader-text\">Dr in\u017c. Adam Tabor<\/span><\/a><\/p>","protected":false},"author":8,"featured_media":0,"parent":0,"menu_order":0,"comment_status":"closed","ping_status":"closed","template":"","meta":{"_uag_custom_page_level_css":"","_monsterinsights_skip_tracking":false,"_monsterinsights_sitenote_active":false,"_monsterinsights_sitenote_note":"","_monsterinsights_sitenote_category":0,"_coblocks_attr":"","_coblocks_dimensions":"","_coblocks_responsive_height":"","_coblocks_accordion_ie_support":"","neve_meta_sidebar":"","neve_meta_container":"","neve_meta_enable_content_width":"","neve_meta_content_width":0,"neve_meta_title_alignment":"","neve_meta_author_avatar":"","neve_post_elements_order":"","neve_meta_disable_header":"","neve_meta_disable_footer":"","neve_meta_disable_title":"","footnotes":""},"aioseo_notices":[],"uagb_featured_image_src":{"full":false,"thumbnail":false,"medium":false,"medium_large":false,"large":false,"thumblist":false,"meccarouselthumb":false,"gridsquare":false,"tileview":false,"1536x1536":false,"2048x2048":false,"trp-custom-language-flag":false,"neve-blog":false},"uagb_author_info":{"display_name":"kupchykkhmnueduua","author_link":"https:\/\/khmnu.edu.ua\/en\/author\/kupchykkhmnueduua\/"},"uagb_comment_info":0,"uagb_excerpt":"Dr in\u017c. Adam Tabor urodzi\u0142 si\u0119 01.12.1941 r. w Nawsiu Ko\u0142aczyckim k. Krosna. W 1959 r. uko\u0144czy\u0142 Liceum Og\u00f3lnokszta\u0142c\u0105ce w Ko\u0142aczycach, a w 1966 r. studia na Wydziale Odlewnictwa Akademii G\u00f3rniczo-Hutniczej. W 1988 r. uzyska\u0142 stopie\u0144 doktora nauk technicznych. Pracowa\u0142 przez 10 lat w Instytucie Odlewnictwa w Krakowie, 2 lata w HIL (obecnie HTS), a&hellip;&nbsp;Read&hellip;","_links":{"self":[{"href":"https:\/\/khmnu.edu.ua\/en\/wp-json\/wp\/v2\/pages\/36010"}],"collection":[{"href":"https:\/\/khmnu.edu.ua\/en\/wp-json\/wp\/v2\/pages"}],"about":[{"href":"https:\/\/khmnu.edu.ua\/en\/wp-json\/wp\/v2\/types\/page"}],"author":[{"embeddable":true,"href":"https:\/\/khmnu.edu.ua\/en\/wp-json\/wp\/v2\/users\/8"}],"replies":[{"embeddable":true,"href":"https:\/\/khmnu.edu.ua\/en\/wp-json\/wp\/v2\/comments?post=36010"}],"version-history":[{"count":1,"href":"https:\/\/khmnu.edu.ua\/en\/wp-json\/wp\/v2\/pages\/36010\/revisions"}],"predecessor-version":[{"id":36011,"href":"https:\/\/khmnu.edu.ua\/en\/wp-json\/wp\/v2\/pages\/36010\/revisions\/36011"}],"wp:attachment":[{"href":"https:\/\/khmnu.edu.ua\/en\/wp-json\/wp\/v2\/media?parent=36010"}],"curies":[{"name":"wp","href":"https:\/\/api.w.org\/{rel}","templated":true}]}}