{"id":35992,"date":"2023-05-15T16:02:12","date_gmt":"2023-05-15T13:02:12","guid":{"rendered":"https:\/\/khmnu.edu.ua\/?page_id=35992"},"modified":"2023-05-15T16:02:13","modified_gmt":"2023-05-15T13:02:13","slug":"leszek-adam-dobrzanski","status":"publish","type":"page","link":"https:\/\/khmnu.edu.ua\/en\/leszek-adam-dobrzanski\/","title":{"rendered":"Leszek Adam Dobrzanski"},"content":{"rendered":"<p>In\u017cynier mechanik, naukowiec &#8211; dydaktyk, profesor zwyczajny, prorektor ds. nauki i wsp\u00f3\u0142pracy z przemys\u0142em Politechniki \u015al\u0105skiej w Gliwicach, pracownik Wydzia\u0142u Mechaniczno-Technologicznego tej uczelni. Dr h.c. Uniwersytetu w Ruse (Bu\u0142garia) oraz Chmielnickiego Uniwersytetu Narodowego na Ukrainie. Wybitny specjalista z zakresu materia\u0142oznawstwa, wsp\u00f3\u0142tw\u00f3rca wielu nowych materia\u0142\u00f3w i specjalnych pow\u0142ok, kieruj\u0105cy kilkudziesi\u0119cioma projektami naukowymi. Cz\u0142onek rzeczywisty Akademii In\u017cynierskiej w Polsce, cz\u0142onek zagraniczny Akademii Nauk In\u017cynieryjnych Ukrainy oraz S\u0142owacji, a tak\u017ce cz\u0142onek i prezydent World Academy of Materials and Manufacturing Engineering. By\u0142 prorektorem Wy\u017cszej Szko\u0142y Zarz\u0105dzania i Informatyki w Bielsku-Bia\u0142ej oraz pracownikiem Politechniki Opolskiej. Jest rzeczoznawc\u0105 SIMP oraz rzeczoznawc\u0105 Unii Europejskiej w Programie W\u0119gla i Stali.<\/p>\n\n\n\n<p>Prof. zw. dr hab. in\u017c. Leszek A. Dobrza\u0144ski od uko\u0144czenia studi\u00f3w (1971 r.) pracuje na Wydziale Mechaniczno-Technologicznym macierzystej uczelni. Doktorat obroni\u0142 w 1977 r., a habilitacj\u0119 uko\u0144czy\u0142 w 1990 r. Profesorem zwyczajnym zosta\u0142 w 1995 r.<\/p>\n\n\n\n<p>Zainteresowania naukowe prof. Leszka A. Dobrza\u0144skiego s\u0105 bardzo szerokie i obejmuj\u0105 m.in.: nauk\u0119 o materia\u0142ach oraz in\u017cynieri\u0119 materia\u0142ow\u0105, budow\u0119 i eksploatacj\u0119 maszyn, organizacj\u0119 i zarz\u0105dzanie, a tak\u017ce in\u017cynieri\u0119 wytwarzania w ramach specjalno\u015bci materia\u0142y in\u017cynierskie metalowe i niemetalowe (metale, polimery, ceramika i kompozyty), materia\u0142y funkcjonalne, fotowoltaika, metalowe i ceramiczne materia\u0142y narz\u0119dziowe, stopy metali lekkich, in\u017cynieria i materia\u0142y biodynamiczne oraz stomatologiczne. Zajmuje si\u0119 tak\u017ce nanotechnologi\u0105 i materia\u0142ami nanostrukturalnymi, technologi\u0105 i materia\u0142ami gradientowymi, technologiami proces\u00f3w wytwarzania i przetw\u00f3rstwa materia\u0142\u00f3w in\u017cynierskich oraz metalurgi\u0105 proszk\u00f3w. W orbicie zainteresowa\u0144 profesora s\u0105 tak\u017ce: komputerowe wspomaganie prac in\u017cynierskich, edukacja techniczno-informatyczna oraz zdalne nauczanie.<\/p>","protected":false},"excerpt":{"rendered":"<p>In\u017cynier mechanik, naukowiec &#8211; dydaktyk, profesor zwyczajny, prorektor ds. nauki i wsp\u00f3\u0142pracy z przemys\u0142em Politechniki \u015al\u0105skiej w Gliwicach, pracownik Wydzia\u0142u Mechaniczno-Technologicznego tej uczelni. Dr h.c. Uniwersytetu w Ruse (Bu\u0142garia) oraz Chmielnickiego Uniwersytetu Narodowego na Ukrainie. Wybitny specjalista z zakresu materia\u0142oznawstwa, wsp\u00f3\u0142tw\u00f3rca wielu nowych materia\u0142\u00f3w i specjalnych pow\u0142ok, kieruj\u0105cy kilkudziesi\u0119cioma projektami naukowymi. Cz\u0142onek rzeczywisty Akademii In\u017cynierskiej&hellip;&nbsp;<a href=\"https:\/\/khmnu.edu.ua\/en\/leszek-adam-dobrzanski\/\" class=\"\" rel=\"bookmark\">Read More &raquo;<span class=\"screen-reader-text\">Leszek Adam Dobrzanski<\/span><\/a><\/p>","protected":false},"author":8,"featured_media":0,"parent":0,"menu_order":0,"comment_status":"closed","ping_status":"closed","template":"","meta":{"_uag_custom_page_level_css":"","_monsterinsights_skip_tracking":false,"_monsterinsights_sitenote_active":false,"_monsterinsights_sitenote_note":"","_monsterinsights_sitenote_category":0,"_coblocks_attr":"","_coblocks_dimensions":"","_coblocks_responsive_height":"","_coblocks_accordion_ie_support":"","neve_meta_sidebar":"","neve_meta_container":"","neve_meta_enable_content_width":"","neve_meta_content_width":0,"neve_meta_title_alignment":"","neve_meta_author_avatar":"","neve_post_elements_order":"","neve_meta_disable_header":"","neve_meta_disable_footer":"","neve_meta_disable_title":"","footnotes":""},"aioseo_notices":[],"uagb_featured_image_src":{"full":false,"thumbnail":false,"medium":false,"medium_large":false,"large":false,"thumblist":false,"meccarouselthumb":false,"gridsquare":false,"tileview":false,"1536x1536":false,"2048x2048":false,"trp-custom-language-flag":false,"neve-blog":false},"uagb_author_info":{"display_name":"kupchykkhmnueduua","author_link":"https:\/\/khmnu.edu.ua\/en\/author\/kupchykkhmnueduua\/"},"uagb_comment_info":0,"uagb_excerpt":"In\u017cynier mechanik, naukowiec &#8211; dydaktyk, profesor zwyczajny, prorektor ds. nauki i wsp\u00f3\u0142pracy z przemys\u0142em Politechniki \u015al\u0105skiej w Gliwicach, pracownik Wydzia\u0142u Mechaniczno-Technologicznego tej uczelni. Dr h.c. Uniwersytetu w Ruse (Bu\u0142garia) oraz Chmielnickiego Uniwersytetu Narodowego na Ukrainie. Wybitny specjalista z zakresu materia\u0142oznawstwa, wsp\u00f3\u0142tw\u00f3rca wielu nowych materia\u0142\u00f3w i specjalnych pow\u0142ok, kieruj\u0105cy kilkudziesi\u0119cioma projektami naukowymi. Cz\u0142onek rzeczywisty Akademii In\u017cynierskiej&hellip;&nbsp;Read&hellip;","_links":{"self":[{"href":"https:\/\/khmnu.edu.ua\/en\/wp-json\/wp\/v2\/pages\/35992"}],"collection":[{"href":"https:\/\/khmnu.edu.ua\/en\/wp-json\/wp\/v2\/pages"}],"about":[{"href":"https:\/\/khmnu.edu.ua\/en\/wp-json\/wp\/v2\/types\/page"}],"author":[{"embeddable":true,"href":"https:\/\/khmnu.edu.ua\/en\/wp-json\/wp\/v2\/users\/8"}],"replies":[{"embeddable":true,"href":"https:\/\/khmnu.edu.ua\/en\/wp-json\/wp\/v2\/comments?post=35992"}],"version-history":[{"count":1,"href":"https:\/\/khmnu.edu.ua\/en\/wp-json\/wp\/v2\/pages\/35992\/revisions"}],"predecessor-version":[{"id":35993,"href":"https:\/\/khmnu.edu.ua\/en\/wp-json\/wp\/v2\/pages\/35992\/revisions\/35993"}],"wp:attachment":[{"href":"https:\/\/khmnu.edu.ua\/en\/wp-json\/wp\/v2\/media?parent=35992"}],"curies":[{"name":"wp","href":"https:\/\/api.w.org\/{rel}","templated":true}]}}