{"id":33148,"date":"2023-02-28T15:34:40","date_gmt":"2023-02-28T13:34:40","guid":{"rendered":"https:\/\/khmnu.edu.ua\/?page_id=33148"},"modified":"2023-02-28T15:34:41","modified_gmt":"2023-02-28T13:34:41","slug":"klaus-raab-2","status":"publish","type":"page","link":"https:\/\/khmnu.edu.ua\/en\/klaus-raab-2\/","title":{"rendered":"Klaus Raab"},"content":{"rendered":"<div class=\"wp-block-image\">\n<figure class=\"alignright size-full is-resized\"><img loading=\"lazy\" decoding=\"async\" src=\"https:\/\/khmnu.edu.ua\/wp-content\/uploads\/image-768.png\" alt=\"\" class=\"wp-image-33149\" width=\"158\" height=\"198\" srcset=\"https:\/\/khmnu.edu.ua\/wp-content\/uploads\/image-768.png 116w, https:\/\/khmnu.edu.ua\/wp-content\/uploads\/image-768-10x12.png 10w\" sizes=\"(max-width: 158px) 100vw, 158px\" \/><\/figure><\/div>\n\n\n<p>15.04.1954<\/p>\n\n\n\n<p>Deutschland&nbsp; Bad Langensalza \/ OT N\u00e4gelstedt<\/p>\n\n\n\n<p>D-12619 Berlin, Teterower Ring 37<\/p>\n\n\n\n<p><a href=\"mailto:bera-berlin@t-online.de\">bera-berlin@t-online.de<\/a><\/p>\n\n\n\n<p>+49\u00a0 176\u00a0 63 85 11 56<\/p>\n\n\n\n<p><strong>2021-&nbsp;&nbsp;&nbsp;&nbsp;&nbsp;&nbsp;&nbsp;&nbsp;&nbsp;&nbsp;&nbsp;&nbsp;&nbsp; <\/strong>Generalvertreter HPC INTERNATIONAL SAS in der Ukraine<\/p>\n\n\n\n<p><strong>2014-2019<\/strong>&nbsp;&nbsp;&nbsp;&nbsp; Projektleiter Osteuropa und Ostasien RDV GmbH Berlin<\/p>\n\n\n\n<p>internationale Vermarktung Zukunftstechnologien, Technologietransfer,<\/p>\n\n\n\n<p><strong>2012-<\/strong>&nbsp;&nbsp;&nbsp;&nbsp;&nbsp;&nbsp;&nbsp;&nbsp;&nbsp;&nbsp;&nbsp;&nbsp; Gr\u00fcndung Firma BeRa Berlin, CEO und Gesellschafter &nbsp;&nbsp;&nbsp;&nbsp;&nbsp;&nbsp;&nbsp;&nbsp;&nbsp;<\/p>\n\n\n\n<p>internationale Vermarktung Zukunftstechnologien, Technologietransfer<\/p>\n\n\n\n<p><strong>2001-2011<\/strong>&nbsp;&nbsp;&nbsp; Gesch\u00e4ftsf\u00fchrer&nbsp; SERVE&nbsp; Management und Consulting &nbsp;&nbsp;GmbH Berlin<\/p>\n\n\n\n<p><strong>1996-2000<\/strong>&nbsp;&nbsp;&nbsp; Gesch\u00e4ftsf\u00fchrer der internationalen Handelsfirma ALNISS GmbH<strong>&nbsp;&nbsp;&nbsp;&nbsp;&nbsp;&nbsp;&nbsp;&nbsp;&nbsp;&nbsp;&nbsp;&nbsp;&nbsp;&nbsp;&nbsp;&nbsp;&nbsp;&nbsp;<\/strong><\/p>\n\n\n\n<p><strong>1992-1995<\/strong>&nbsp;&nbsp;&nbsp; Abteilungsleiter Osteuropa der internationalen Handelsfirma HADIMEX GmbH<\/p>\n\n\n\n<p><strong>1990-1991<\/strong>&nbsp;&nbsp;&nbsp; Erg\u00e4nzungsstudium Hochschule f\u00fcr \u00d6konomie Berlin-Karlshorst &nbsp;&nbsp;Fachbereich Au\u00dfenwirtschaft mit den Instituten Absatzwirtschaft und internationales Marketing, Au\u00dfenwirtschaft\/Weltwirtschaft sowie \u00d6konomik der Entwicklungsl\u00e4nder.<\/p>\n\n\n\n<p><strong>1979-1990<\/strong>&nbsp;&nbsp;&nbsp; Arbeit im Innenministerium der DDR, Leitungsfunktionen<\/p>\n\n\n\n<p><strong>1975-1979<\/strong>&nbsp;&nbsp;&nbsp; Studium Rechtswissenschaften an der Humboldt-Universit\u00e4t Berlin im Auftrag des Innenministeriums der DDR, Abschluss als Diplom-Jurist<\/p>\n\n\n\n<p><strong>1972-1975<\/strong>&nbsp;&nbsp;&nbsp;&nbsp; Milit\u00e4rdienst in Innenministerium der DDR<\/p>\n\n\n\n<p><strong>1967-1972<\/strong>&nbsp;&nbsp;&nbsp;&nbsp; Abitur an Spezialschule des VEB Carl Zeiss Jena, Abschluss mit Abitur<\/p>\n\n\n\n<p>Klaus Raab unterst\u00fctzt in seiner Funktion als Generalvertreter der HPC International SAS im Rahmen der ARGE Green City Projekt UA die Vorbereitung und Realisierung des Projektes und analysiert den Regionalstandort Khmelnytskyi f\u00fcr Privatinvestoren zur Entwicklung der Region als ein \u00f6konomisches und wissenschaftliches Zentrum der Ukraine mit internationaler Anbindung<\/p>","protected":false},"excerpt":{"rendered":"<p>15.04.1954 Deutschland&nbsp; Bad Langensalza \/ OT N\u00e4gelstedt D-12619 Berlin, Teterower Ring 37 bera-berlin@t-online.de +49\u00a0 176\u00a0 63 85 11 56 2021-&nbsp;&nbsp;&nbsp;&nbsp;&nbsp;&nbsp;&nbsp;&nbsp;&nbsp;&nbsp;&nbsp;&nbsp;&nbsp; Generalvertreter HPC INTERNATIONAL SAS in der Ukraine 2014-2019&nbsp;&nbsp;&nbsp;&nbsp; Projektleiter Osteuropa und Ostasien RDV GmbH Berlin internationale Vermarktung Zukunftstechnologien, Technologietransfer, 2012-&nbsp;&nbsp;&nbsp;&nbsp;&nbsp;&nbsp;&nbsp;&nbsp;&nbsp;&nbsp;&nbsp;&nbsp; Gr\u00fcndung Firma BeRa Berlin, CEO und Gesellschafter &nbsp;&nbsp;&nbsp;&nbsp;&nbsp;&nbsp;&nbsp;&nbsp;&nbsp; internationale Vermarktung Zukunftstechnologien, Technologietransfer 2001-2011&nbsp;&nbsp;&nbsp; Gesch\u00e4ftsf\u00fchrer&nbsp; SERVE&nbsp;&hellip;&nbsp;<a href=\"https:\/\/khmnu.edu.ua\/en\/klaus-raab-2\/\" class=\"\" rel=\"bookmark\">Read More &raquo;<span class=\"screen-reader-text\">Klaus Raab<\/span><\/a><\/p>","protected":false},"author":3,"featured_media":0,"parent":0,"menu_order":0,"comment_status":"closed","ping_status":"closed","template":"","meta":{"_uag_custom_page_level_css":"","_monsterinsights_skip_tracking":false,"_monsterinsights_sitenote_active":false,"_monsterinsights_sitenote_note":"","_monsterinsights_sitenote_category":0,"_coblocks_attr":"","_coblocks_dimensions":"","_coblocks_responsive_height":"","_coblocks_accordion_ie_support":"","neve_meta_sidebar":"","neve_meta_container":"","neve_meta_enable_content_width":"","neve_meta_content_width":0,"neve_meta_title_alignment":"","neve_meta_author_avatar":"","neve_post_elements_order":"","neve_meta_disable_header":"","neve_meta_disable_footer":"","neve_meta_disable_title":"","footnotes":""},"aioseo_notices":[],"uagb_featured_image_src":{"full":false,"thumbnail":false,"medium":false,"medium_large":false,"large":false,"thumblist":false,"meccarouselthumb":false,"gridsquare":false,"tileview":false,"1536x1536":false,"2048x2048":false,"trp-custom-language-flag":false,"neve-blog":false},"uagb_author_info":{"display_name":"kmelovskyyedukhmnu","author_link":"https:\/\/khmnu.edu.ua\/en\/author\/khmelovskyyedukhmnu\/"},"uagb_comment_info":0,"uagb_excerpt":"15.04.1954 Deutschland&nbsp; Bad Langensalza \/ OT N\u00e4gelstedt D-12619 Berlin, Teterower Ring 37 bera-berlin@t-online.de +49\u00a0 176\u00a0 63 85 11 56 2021-&nbsp;&nbsp;&nbsp;&nbsp;&nbsp;&nbsp;&nbsp;&nbsp;&nbsp;&nbsp;&nbsp;&nbsp;&nbsp; Generalvertreter HPC INTERNATIONAL SAS in der Ukraine 2014-2019&nbsp;&nbsp;&nbsp;&nbsp; Projektleiter Osteuropa und Ostasien RDV GmbH Berlin internationale Vermarktung Zukunftstechnologien, Technologietransfer, 2012-&nbsp;&nbsp;&nbsp;&nbsp;&nbsp;&nbsp;&nbsp;&nbsp;&nbsp;&nbsp;&nbsp;&nbsp; Gr\u00fcndung Firma BeRa Berlin, CEO und Gesellschafter &nbsp;&nbsp;&nbsp;&nbsp;&nbsp;&nbsp;&nbsp;&nbsp;&nbsp; internationale Vermarktung Zukunftstechnologien, Technologietransfer 2001-2011&nbsp;&nbsp;&nbsp; Gesch\u00e4ftsf\u00fchrer&nbsp; SERVE&nbsp;&hellip;&nbsp;Read&hellip;","_links":{"self":[{"href":"https:\/\/khmnu.edu.ua\/en\/wp-json\/wp\/v2\/pages\/33148"}],"collection":[{"href":"https:\/\/khmnu.edu.ua\/en\/wp-json\/wp\/v2\/pages"}],"about":[{"href":"https:\/\/khmnu.edu.ua\/en\/wp-json\/wp\/v2\/types\/page"}],"author":[{"embeddable":true,"href":"https:\/\/khmnu.edu.ua\/en\/wp-json\/wp\/v2\/users\/3"}],"replies":[{"embeddable":true,"href":"https:\/\/khmnu.edu.ua\/en\/wp-json\/wp\/v2\/comments?post=33148"}],"version-history":[{"count":2,"href":"https:\/\/khmnu.edu.ua\/en\/wp-json\/wp\/v2\/pages\/33148\/revisions"}],"predecessor-version":[{"id":33151,"href":"https:\/\/khmnu.edu.ua\/en\/wp-json\/wp\/v2\/pages\/33148\/revisions\/33151"}],"wp:attachment":[{"href":"https:\/\/khmnu.edu.ua\/en\/wp-json\/wp\/v2\/media?parent=33148"}],"curies":[{"name":"wp","href":"https:\/\/api.w.org\/{rel}","templated":true}]}}