{"id":32594,"date":"2023-02-14T16:00:05","date_gmt":"2023-02-14T14:00:05","guid":{"rendered":"https:\/\/khmnu.edu.ua\/?page_id=32594"},"modified":"2023-02-14T16:17:38","modified_gmt":"2023-02-14T14:17:38","slug":"mikhael-krettser","status":"publish","type":"page","link":"https:\/\/khmnu.edu.ua\/en\/mikhael-krettser\/","title":{"rendered":"Michael Kretzer"},"content":{"rendered":"<p><\/p>\n\n\n\n<p><strong>LEBENSLAUF<\/strong><\/p>\n\n\n\n<p><strong>Michael Kretzer<\/strong><\/p>\n\n\n\n<p><strong>Gesch\u00e4ftsf\u00fchrer Max Pharma GmbH, Take Cair GmbH, Alpspitz Biocience GmbH<\/strong><\/p>\n\n\n\n<p><strong>Vorstandsvorsitzender der Max Service International AG<\/strong><\/p>\n\n\n\n<p><strong>QS Verantwortlicher \u00a752a AMG<\/strong><\/p>\n\n\n\n<p><strong>Sicherheitsbeauftragter f\u00fcr Medizinprodukte<\/strong><\/p>\n\n\n\n<hr class=\"wp-block-separator has-text-color has-nv-site-bg-color has-alpha-channel-opacity has-nv-site-bg-background-color has-background\" \/>\n\n\n\n<ol><li><strong>Zusammenfassung der Kompetenzen und Erfahrungen<\/strong><\/li><\/ol>\n\n\n\n<ul><li>Pharmaberater und Gesch\u00e4ftsf\u00fchrer eines Gro\u00dfhandels (Arzneimittel und Medizinprodukte)<\/li><li>Max Pharma als Pharmazeutischer Unternehmer \u00a767 AMG aufbauen<\/li><li>Erfahrungen im Umgang mit Arzneimitteln und Medizinprodukten seit 1982<\/li><li>Studiendesign, Studienumsetzung nach GCP,&nbsp;<\/li><li>Vertriebsteams aufbauen &#8211; Europa<\/li><li>Gr\u00fcndungen von Auslandsniederlassungen (China und Europa)<\/li><\/ul>\n\n\n\n<ul><li>Erfahrungen mit Medizinprodukten im Sinne des Medizinproduktegesetzes:<ul><li>Seit 2010 Sicherheitsbeauftragter nach \u00a7 30 Medizinproduktegesetz<\/li><li>Etablierung eines QM-Systems im Sinne der Norm EN ISO 13485<\/li><\/ul><\/li><\/ul>\n\n\n\n<hr class=\"wp-block-separator has-text-color has-nv-site-bg-color has-alpha-channel-opacity has-nv-site-bg-background-color has-background\" \/>\n\n\n\n<p>2. <strong>Berufliche Laufbahn<\/strong><\/p>\n\n\n\n<p><\/p>\n\n\n\n<p>Seit 2020: &nbsp; Gesch\u00e4ftsf\u00fchrer der Take Cair GmbH und Sicherheitsbeauftragter Medizinprodukte Klasse I<\/p>\n\n\n\n<p>Seit 2010: &nbsp; Gesch\u00e4ftsf\u00fchrer der Take Cair UG und Sicherheitsbeauftragter Medizinprodukte Klasse I<\/p>\n\n\n\n<p>2005 \u2013 heute: Gesch\u00e4ftsf\u00fchrer der Max Pharma GmbH, Deutschland<\/p>\n\n\n\n<p>2001-2003, Fresenius Biotechnologie, Bad Homburg<\/p>\n\n\n\n<p>Leiter Vertrieb &amp; Marketing, DC Zellen\/ KMT Apherese\/ Vectoren Gentherapie<\/p>\n\n\n\n<p>2001-2001 Target GmbH, Heidelberg<\/p>\n\n\n\n<p>Leiter EMEA Zulassungsstudie \u201eTumor Vakzine\u201c DKFZ, Prof. Schirrmacher<\/p>\n\n\n\n<p>1993-2000 Chiron Europa, Ratingen<\/p>\n\n\n\n<p>Onkologischer AD + Studienbetreuung Onkologie<\/p>\n\n\n\n<p>1989-1992 Lipha Arzneimittel, Essen<\/p>\n\n\n\n<p>Vertriebsmanager Regional<\/p>\n\n\n\n<p>1985-1989 Krankenhaus Hohe Warte Bayreuth<\/p>\n\n\n\n<p>Neurochirurgie Prof. Bockhorn \/ Notaufnahme<\/p>\n\n\n\n<p>Ehrenamt: 1985 -1989 Bayrisches Rotes Kreuz Rettungswagen<\/p>\n\n\n\n<hr class=\"wp-block-separator has-text-color has-nv-text-dark-bg-color has-alpha-channel-opacity has-nv-text-dark-bg-background-color has-background\" \/>\n\n\n\n<p>3. <strong>Ausbildungen<\/strong><\/p>\n\n\n\n<p>1989&nbsp;&nbsp;&nbsp;&nbsp;&nbsp;&nbsp;&nbsp;&nbsp;&nbsp;&nbsp;&nbsp;&nbsp;&nbsp;&nbsp; Pharmaberater, Ausbildung bei der Industrie und Handelskammer M\u00fcnchen<\/p>\n\n\n\n<p>1982-1985&nbsp;&nbsp;&nbsp; Medizinische Ausbildung Klinikum Marktredwitz<\/p>\n\n\n\n<p>&nbsp;&nbsp;&nbsp;&nbsp;&nbsp;&nbsp;&nbsp;&nbsp;&nbsp;&nbsp;&nbsp;&nbsp;&nbsp;&nbsp;&nbsp;&nbsp;&nbsp;&nbsp;&nbsp;&nbsp;&nbsp;&nbsp;&nbsp; Staats-Examen Intensivstation.<\/p>\n\n\n\n<p>1979-1982\u00a0\u00a0\u00a0 Ausbildung zum staatlich gepr\u00fcften Kinderpfleger, Fachhochschule Ahornberg<strong>\u00a0\u00a0\u00a0<\/strong><\/p>\n\n\n\n<hr class=\"wp-block-separator has-text-color has-nv-text-dark-bg-color has-alpha-channel-opacity has-nv-text-dark-bg-background-color has-background\" \/>\n\n\n\n<p>4. <strong>Politische Arbeit<\/strong><\/p>\n\n\n\n<p>CSU Mittelstandsunion Hof Schatzmeister<\/p>\n\n\n\n<p>CSU MU&nbsp; Stellvertretender Vorsitzender Bezirk Oberfranken<\/p>\n\n\n\n<p>CSU MU Landesvorstand Bayern und&nbsp; Leiter Gesundheitspolitik<\/p>\n\n\n\n<p>CDU \/ CSU&nbsp; MIT Gesundheitskommission Berlin Mitglied<\/p>\n\n\n\n<p>Stellvertretender Vorsitzender des Verbandes der freien Pharma-Gro\u00dfh\u00e4ndler Deutschlands<\/p>\n\n\n\n<hr class=\"wp-block-separator has-text-color has-nv-text-dark-bg-color has-alpha-channel-opacity has-nv-text-dark-bg-background-color has-background\" \/>\n\n\n\n<p><strong>Kontaktdaten:<\/strong><\/p>\n\n\n\n<p>Michael Kretzer<br>Marienstrasse 71<br>95028 Hof<br>09281-840160<br><a href=\"mailto:kretzer@max-pharma.de\">kretzer@max-pharma.de<\/a><\/p>","protected":false},"excerpt":{"rendered":"<p>LEBENSLAUF Michael Kretzer Gesch\u00e4ftsf\u00fchrer Max Pharma GmbH, Take Cair GmbH, Alpspitz Biocience GmbH Vorstandsvorsitzender der Max Service International AG QS Verantwortlicher \u00a752a AMG Sicherheitsbeauftragter f\u00fcr Medizinprodukte Zusammenfassung der Kompetenzen und Erfahrungen Pharmaberater und Gesch\u00e4ftsf\u00fchrer eines Gro\u00dfhandels (Arzneimittel und Medizinprodukte) Max Pharma als Pharmazeutischer Unternehmer \u00a767 AMG aufbauen Erfahrungen im Umgang mit Arzneimitteln und Medizinprodukten seit&hellip;&nbsp;<a href=\"https:\/\/khmnu.edu.ua\/en\/mikhael-krettser\/\" class=\"\" rel=\"bookmark\">Read More &raquo;<span class=\"screen-reader-text\">Michael Kretzer<\/span><\/a><\/p>","protected":false},"author":3,"featured_media":0,"parent":0,"menu_order":0,"comment_status":"closed","ping_status":"closed","template":"","meta":{"_uag_custom_page_level_css":"","_monsterinsights_skip_tracking":false,"_monsterinsights_sitenote_active":false,"_monsterinsights_sitenote_note":"","_monsterinsights_sitenote_category":0,"_coblocks_attr":"","_coblocks_dimensions":"","_coblocks_responsive_height":"","_coblocks_accordion_ie_support":"","neve_meta_sidebar":"","neve_meta_container":"","neve_meta_enable_content_width":"","neve_meta_content_width":0,"neve_meta_title_alignment":"","neve_meta_author_avatar":"","neve_post_elements_order":"","neve_meta_disable_header":"","neve_meta_disable_footer":"","neve_meta_disable_title":"","footnotes":""},"aioseo_notices":[],"uagb_featured_image_src":{"full":false,"thumbnail":false,"medium":false,"medium_large":false,"large":false,"thumblist":false,"meccarouselthumb":false,"gridsquare":false,"tileview":false,"1536x1536":false,"2048x2048":false,"trp-custom-language-flag":false,"neve-blog":false},"uagb_author_info":{"display_name":"kmelovskyyedukhmnu","author_link":"https:\/\/khmnu.edu.ua\/en\/author\/khmelovskyyedukhmnu\/"},"uagb_comment_info":0,"uagb_excerpt":"LEBENSLAUF Michael Kretzer Gesch\u00e4ftsf\u00fchrer Max Pharma GmbH, Take Cair GmbH, Alpspitz Biocience GmbH Vorstandsvorsitzender der Max Service International AG QS Verantwortlicher \u00a752a AMG Sicherheitsbeauftragter f\u00fcr Medizinprodukte Zusammenfassung der Kompetenzen und Erfahrungen Pharmaberater und Gesch\u00e4ftsf\u00fchrer eines Gro\u00dfhandels (Arzneimittel und Medizinprodukte) Max Pharma als Pharmazeutischer Unternehmer \u00a767 AMG aufbauen Erfahrungen im Umgang mit Arzneimitteln und Medizinprodukten seit&hellip;&nbsp;Read&hellip;","_links":{"self":[{"href":"https:\/\/khmnu.edu.ua\/en\/wp-json\/wp\/v2\/pages\/32594"}],"collection":[{"href":"https:\/\/khmnu.edu.ua\/en\/wp-json\/wp\/v2\/pages"}],"about":[{"href":"https:\/\/khmnu.edu.ua\/en\/wp-json\/wp\/v2\/types\/page"}],"author":[{"embeddable":true,"href":"https:\/\/khmnu.edu.ua\/en\/wp-json\/wp\/v2\/users\/3"}],"replies":[{"embeddable":true,"href":"https:\/\/khmnu.edu.ua\/en\/wp-json\/wp\/v2\/comments?post=32594"}],"version-history":[{"count":6,"href":"https:\/\/khmnu.edu.ua\/en\/wp-json\/wp\/v2\/pages\/32594\/revisions"}],"predecessor-version":[{"id":32600,"href":"https:\/\/khmnu.edu.ua\/en\/wp-json\/wp\/v2\/pages\/32594\/revisions\/32600"}],"wp:attachment":[{"href":"https:\/\/khmnu.edu.ua\/en\/wp-json\/wp\/v2\/media?parent=32594"}],"curies":[{"name":"wp","href":"https:\/\/api.w.org\/{rel}","templated":true}]}}